{"id":1855,"date":"2025-12-22T07:20:41","date_gmt":"2025-12-22T06:20:41","guid":{"rendered":"https:\/\/innsoft.local\/oferta\/"},"modified":"2026-04-24T10:58:16","modified_gmt":"2026-04-24T08:58:16","slug":"services","status":"publish","type":"page","link":"https:\/\/innsoft.pl\/en\/services\/","title":{"rendered":"Services"},"content":{"rendered":"\n<section class=\"header-section section pb-0\">\n\n\n<div class=\"header-section__inner-container inner-container\">\n<div\n\tclass=\"page-header page-header--block page-header--no-icon\"\n\t>\n\t<div class=\"page-header__body\">\n\t\t\n\t\t\n\t\t<div class=\"page-header__content\">\n\t\t\t\t\t\t\t<div class=\"page-header__title-group\">\n\t\t\t\t\t\t\t\t\t\t\t\t\t\t\t\t<h1 class=\"page-header__title heading--gradient\">\n\t\t\t\t\t\t\tOur Services\t\t\t\t\t\t<\/h1>\n\t\t\t\t\t\t\t\t\t<\/div>\n\t\t\t\t\t\t\t\t\t\t\t\t\t\t<p class=\"page-header__description\" style=\"max-width: 610px; font-size: 1.6rem;\">We combine project experience with modern IT technologies to create solutions tailored to industry requirements\u2014both in an on-premise model and as flexible cloud-based services. Discover which modules and systems from INNSOFT best address the challenges of your organization. <\/p>\n\t\t\t\n\t\t\t\t\t<\/div>\n\t<\/div>\n<\/div>\n<\/div>\n<\/section>\n\n<section class=\"our-offer section mt-48 mb-48\">\n<div class=\"our-offer__inner-container inner-container pt-3xl pb-3xl\">\n<div class=\"container\">\n<div class=\"offer-card\">\n\t<div class=\"offer-card__icon\">\n\t\t<span class=\"offer-card__icon-glow\" aria-hidden=\"true\"><\/span>\n\t\t<div class=\"offer-card__icon-circle\">\n\t\t\t\t\t\t\t<span class=\"offer-card__icon-svg\" aria-hidden=\"true\">\n\t\t\t\t\t<svg viewBox=\"0 0 75 75\" fill=\"none\" xmlns=\"http:\/\/www.w3.org\/2000\/svg\">\n<circle cx=\"37.5099\" cy=\"36.5099\" r=\"18.5099\" stroke=\"white\" stroke-width=\"2.5\" \/>\n<path fill-rule=\"evenodd\" clip-rule=\"evenodd\" d=\"M47 36.5013H39.7579V25L28 36.5013H35.2421V48L47 36.5013Z\" stroke=\"white\" stroke-width=\"2.2\" stroke-linejoin=\"bevel\" \/>\n<circle cx=\"37.5\" cy=\"3.5\" r=\"3.5\" fill=\"white\" \/>\n<ellipse cx=\"37.5\" cy=\"71.5\" rx=\"3.5\" ry=\"3.5\" transform=\"rotate(180 37.5 71.5)\" fill=\"white\" \/>\n<line x1=\"37.75\" y1=\"19\" x2=\"37.75\" y2=\"5\" stroke=\"white\" stroke-width=\"2.5\" \/>\n<line x1=\"37.5898\" y1=\"54.0918\" x2=\"37.5898\" y2=\"68.8997\" stroke=\"white\" stroke-width=\"2.5\" \/>\n<ellipse cx=\"3.5\" cy=\"36.5\" rx=\"3.5\" ry=\"3.5\" transform=\"rotate(-90 3.5 36.5)\" fill=\"white\" \/>\n<ellipse cx=\"71.5\" cy=\"36.5\" rx=\"3.5\" ry=\"3.5\" transform=\"rotate(90 71.5 36.5)\" fill=\"white\" \/>\n<line x1=\"20.2988\" y1=\"36.8301\" x2=\"6.72487\" y2=\"36.8301\" stroke=\"white\" stroke-width=\"2.5\" \/>\n<line x1=\"54.8506\" y1=\"36.8047\" x2=\"69.6585\" y2=\"36.8047\" stroke=\"white\" stroke-width=\"2.5\" \/>\n<circle cx=\"13.0189\" cy=\"13.0195\" r=\"3.54891\" fill=\"white\" \/>\n<circle cx=\"62.0316\" cy=\"60.0312\" r=\"3.55806\" fill=\"white\" \/>\n<line x1=\"24.4794\" y1=\"24.1085\" x2=\"15.4794\" y2=\"15.1085\" stroke=\"white\" stroke-width=\"2.5\" \/>\n<line x1=\"49.9806\" y1=\"48.6239\" x2=\"59.8799\" y2=\"58.5232\" stroke=\"white\" stroke-width=\"2.5\" \/>\n<circle cx=\"13.9424\" cy=\"61.9424\" r=\"3.49479\" fill=\"white\" \/>\n<circle cx=\"60.8945\" cy=\"12.3747\" r=\"3.46629\" fill=\"white\" \/>\n<line x1=\"26.5958\" y1=\"50.0382\" x2=\"16.2465\" y2=\"60.3875\" stroke=\"white\" stroke-width=\"2.5\" \/>\n<line x1=\"50.1553\" y1=\"23.0786\" x2=\"59.4252\" y2=\"14.5799\" stroke=\"white\" stroke-width=\"2.5\" \/>\n<\/svg>\n\t\t\t\t<\/span>\n\t\t\t\t\t<\/div>\n\t<\/div>\n\t<div class=\"offer-card__content\">\n\t\t\t\t\t<h3 class=\"offer-card__title\">Distribution System Operator<\/h3>\n\t\t\t\t\t\t\t<p class=\"offer-card__description p3\">An energy company responsible for distributing electricity to end customers with active connection points to the transmission network of the Transmission System Operator (TSO). <\/p>\n\t\t\t<\/div>\n\t<div class=\"offer-card__actions\">\n\t\t\t\t\t<a class=\"button is-style-secondary\" href=\"https:\/\/innsoft.pl\/en\/oferta\/operator-systemu-dystrybucyjnego\/\">\n\t\t\t\tSelect\t\t\t<\/a>\n\t\t\t<\/div>\n<\/div>\n\n\n\n<div class=\"offer-card\">\n\t<div class=\"offer-card__icon\">\n\t\t<span class=\"offer-card__icon-glow\" aria-hidden=\"true\"><\/span>\n\t\t<div class=\"offer-card__icon-circle\">\n\t\t\t\t\t\t\t<span class=\"offer-card__icon-svg\" aria-hidden=\"true\">\n\t\t\t\t\t<svg viewBox=\"0 0 76 76\" fill=\"none\" xmlns=\"http:\/\/www.w3.org\/2000\/svg\">\n<path d=\"M40.12 12.6274C40.12 14.1981 38.8466 15.4715 37.2758 15.4715C35.705 15.4715 34.4316 14.1981 34.4316 12.6274C34.4316 11.0566 35.705 9.7832 37.2758 9.7832C38.8466 9.7832 40.12 11.0566 40.12 12.6274Z\" fill=\"white\" \/>\n<path d=\"M35.381 62.8746C35.381 61.3038 36.6544 60.0304 38.2252 60.0304C39.796 60.0304 41.0693 61.3038 41.0693 62.8746C41.0693 64.4454 39.796 65.7187 38.2252 65.7188C36.6544 65.7188 35.381 64.4454 35.381 62.8746Z\" fill=\"white\" \/>\n<path d=\"M12.6264 34.4328C14.1972 34.4328 15.4705 35.7062 15.4705 37.2769C15.4705 38.8477 14.1972 40.1211 12.6264 40.1211C11.0556 40.1211 9.78223 38.8477 9.78223 37.2769C9.78223 35.7062 11.0556 34.4328 12.6264 34.4328Z\" fill=\"white\" \/>\n<path d=\"M62.8746 40.12C61.3038 40.12 60.0304 38.8466 60.0304 37.2758C60.0304 35.705 61.3038 34.4316 62.8746 34.4316C64.4454 34.4316 65.7187 35.705 65.7188 37.2758C65.7188 38.8466 64.4454 40.12 62.8746 40.12Z\" fill=\"white\" \/>\n<path d=\"M22.003 17.9984C23.1085 19.1038 23.1085 20.8962 22.003 22.0016C20.8975 23.1071 19.1052 23.1071 17.9997 22.0016C16.8942 20.8962 16.8942 19.1038 17.9997 17.9984C19.1052 16.8929 20.8975 16.8929 22.003 17.9984Z\" fill=\"white\" \/>\n<path d=\"M53.2403 56.3141C52.1295 55.2033 52.1295 53.4022 53.2403 52.2914C54.3512 51.1805 56.1522 51.1805 57.263 52.2914C58.3739 53.4022 58.3739 55.2033 57.263 56.3141C56.1522 57.425 54.3512 57.425 53.2403 56.3141Z\" fill=\"white\" \/>\n<path d=\"M18.0077 53.1998C19.115 52.0925 20.9104 52.0925 22.0177 53.1998C23.125 54.3072 23.125 56.1025 22.0177 57.2098C20.9104 58.3172 19.115 58.3172 18.0077 57.2098C16.9004 56.1025 16.9004 54.3072 18.0077 53.1998Z\" fill=\"white\" \/>\n<path d=\"M58.2532 22.0877C57.135 23.2059 55.322 23.2059 54.2038 22.0877C53.0856 20.9695 53.0856 19.1566 54.2038 18.0384C55.322 16.9202 57.135 16.9202 58.2532 18.0384C59.3714 19.1566 59.3714 20.9695 58.2532 22.0877Z\" fill=\"white\" \/>\n<path d=\"M74.25 37.75C74.25 57.9084 57.9084 74.25 37.75 74.25C17.5916 74.25 1.25 57.9084 1.25 37.75C1.25 17.5916 17.5916 1.25 37.75 1.25C57.9084 1.25 74.25 17.5916 74.25 37.75Z\" stroke=\"white\" stroke-width=\"2.5\" stroke-linejoin=\"bevel\" \/>\n<path d=\"M40.12 12.6274C40.12 14.1981 38.8466 15.4715 37.2758 15.4715C35.705 15.4715 34.4316 14.1981 34.4316 12.6274C34.4316 11.0566 35.705 9.7832 37.2758 9.7832C38.8466 9.7832 40.12 11.0566 40.12 12.6274Z\" stroke=\"white\" stroke-width=\"2.5\" stroke-linejoin=\"bevel\" \/>\n<path d=\"M35.381 62.8746C35.381 61.3038 36.6544 60.0304 38.2252 60.0304C39.796 60.0304 41.0693 61.3038 41.0693 62.8746C41.0693 64.4454 39.796 65.7187 38.2252 65.7188C36.6544 65.7188 35.381 64.4454 35.381 62.8746Z\" stroke=\"white\" stroke-width=\"2.5\" stroke-linejoin=\"bevel\" \/>\n<path d=\"M12.6264 34.4328C14.1972 34.4328 15.4705 35.7062 15.4705 37.2769C15.4705 38.8477 14.1972 40.1211 12.6264 40.1211C11.0556 40.1211 9.78223 38.8477 9.78223 37.2769C9.78223 35.7062 11.0556 34.4328 12.6264 34.4328Z\" stroke=\"white\" stroke-width=\"2.5\" stroke-linejoin=\"bevel\" \/>\n<path d=\"M62.8746 40.12C61.3038 40.12 60.0304 38.8466 60.0304 37.2758C60.0304 35.705 61.3038 34.4316 62.8746 34.4316C64.4454 34.4316 65.7187 35.705 65.7188 37.2758C65.7188 38.8466 64.4454 40.12 62.8746 40.12Z\" stroke=\"white\" stroke-width=\"2.5\" stroke-linejoin=\"bevel\" \/>\n<path d=\"M22.003 17.9984C23.1085 19.1038 23.1085 20.8962 22.003 22.0016C20.8975 23.1071 19.1052 23.1071 17.9997 22.0016C16.8942 20.8962 16.8942 19.1038 17.9997 17.9984C19.1052 16.8929 20.8975 16.8929 22.003 17.9984Z\" stroke=\"white\" stroke-width=\"2.5\" stroke-linejoin=\"bevel\" \/>\n<path d=\"M53.2403 56.3141C52.1295 55.2033 52.1295 53.4022 53.2403 52.2914C54.3512 51.1805 56.1522 51.1805 57.263 52.2914C58.3739 53.4022 58.3739 55.2033 57.263 56.3141C56.1522 57.425 54.3512 57.425 53.2403 56.3141Z\" stroke=\"white\" stroke-width=\"2.5\" stroke-linejoin=\"bevel\" \/>\n<path d=\"M18.0077 53.1998C19.115 52.0925 20.9104 52.0925 22.0177 53.1998C23.125 54.3072 23.125 56.1025 22.0177 57.2098C20.9104 58.3172 19.115 58.3172 18.0077 57.2098C16.9004 56.1025 16.9004 54.3072 18.0077 53.1998Z\" stroke=\"white\" stroke-width=\"2.5\" stroke-linejoin=\"bevel\" \/>\n<path d=\"M58.2532 22.0877C57.135 23.2059 55.322 23.2059 54.2038 22.0877C53.0856 20.9695 53.0856 19.1566 54.2038 18.0384C55.322 16.9202 57.135 16.9202 58.2532 18.0384C59.3714 19.1566 59.3714 20.9695 58.2532 22.0877Z\" stroke=\"white\" stroke-width=\"2.5\" stroke-linejoin=\"bevel\" \/>\n<path fill-rule=\"evenodd\" clip-rule=\"evenodd\" d=\"M49.251 37.2516H40.8654V23.25L27.251 37.2516H35.6366V51.25L49.251 37.2516Z\" stroke=\"white\" stroke-width=\"2.5\" stroke-linejoin=\"bevel\" \/>\n<\/svg>\n\t\t\t\t<\/span>\n\t\t\t\t\t<\/div>\n\t<\/div>\n\t<div class=\"offer-card__content\">\n\t\t\t\t\t<h3 class=\"offer-card__title\">Unconnected Distribution System Operator<\/h3>\n\t\t\t\t\t\t\t<p class=\"offer-card__description p3\">An energy company responsible for distributing electricity to end customers but without active connection points to the transmission network of the Transmission System Operator (TSO). The energy company\u2026 <\/p>\n\t\t\t<\/div>\n\t<div class=\"offer-card__actions\">\n\t\t\t\t\t<a class=\"button is-style-secondary\" href=\"https:\/\/innsoft.pl\/en\/oferta\/non-connected-distribution-system-operator\/\">\n\t\t\t\tSelect\t\t\t<\/a>\n\t\t\t<\/div>\n<\/div>\n\n\n\n<div class=\"offer-card\">\n\t<div class=\"offer-card__icon\">\n\t\t<span class=\"offer-card__icon-glow\" aria-hidden=\"true\"><\/span>\n\t\t<div class=\"offer-card__icon-circle\">\n\t\t\t\t\t\t\t<span class=\"offer-card__icon-svg\" aria-hidden=\"true\">\n\t\t\t\t\t<svg viewBox=\"0 0 64 64\" fill=\"none\" xmlns=\"http:\/\/www.w3.org\/2000\/svg\">\n<path d=\"M59.4614 31.6284C59.4614 16.2567 47.0002 3.79541 31.6284 3.79541C16.2567 3.79541 3.79541 16.2567 3.79541 31.6284C3.79541 47.0002 16.2567 59.4614 31.6284 59.4614V63.2568C14.1605 63.2568 0 49.0963 0 31.6284C0 14.1605 14.1605 0 31.6284 0C49.0963 0 63.2568 14.1605 63.2568 31.6284C63.2568 49.0963 49.0963 63.2568 31.6284 63.2568V59.4614C47.0002 59.4614 59.4614 47.0002 59.4614 31.6284Z\" fill=\"white\" \/>\n<path d=\"M30.6312 50.6123V46.9581C25.3833 46.6674 21.843 43.6776 21.5098 39.1098H24.5919C24.7585 42.0166 27.0493 43.9683 30.6312 44.2589V32.7149L29.0069 32.2997C24.342 31.1785 21.8846 28.5624 21.8846 24.4929C21.8846 19.8836 25.3416 16.6862 30.6312 16.2709V12.6582H32.8387V16.2709C37.6702 16.6031 40.8356 19.5099 41.2521 24.2022H38.2533C37.9618 21.0878 36.0458 19.2607 32.8387 18.9285V30.348L34.6714 30.8048C39.3779 31.9675 41.752 34.5836 41.752 38.57C41.752 43.3454 38.295 46.5428 32.8387 46.9581V50.6123H30.6312ZM29.5483 29.559L30.6312 29.8081V18.97C27.0909 19.3438 24.8418 21.42 24.8418 24.4514C24.8418 27.0675 26.3829 28.77 29.5483 29.559ZM34.0466 33.5454L32.8387 33.2547V44.2589C36.504 43.8852 38.7948 41.8089 38.7948 38.7361C38.7948 36.0369 37.2537 34.2929 34.0466 33.5454Z\" fill=\"white\" \/>\n<\/svg>\n\t\t\t\t<\/span>\n\t\t\t\t\t<\/div>\n\t<\/div>\n\t<div class=\"offer-card__content\">\n\t\t\t\t\t<h3 class=\"offer-card__title\">Energy Supplier<\/h3>\n\t\t\t\t\t\t\t<p class=\"offer-card__description p3\">A company supporting the sale of electricity to end customers.<\/p>\n\t\t\t<\/div>\n\t<div class=\"offer-card__actions\">\n\t\t\t\t\t<a class=\"button is-style-secondary\" href=\"https:\/\/innsoft.pl\/en\/oferta\/energy-supplier\/\">\n\t\t\t\tSelect\t\t\t<\/a>\n\t\t\t<\/div>\n<\/div>\n\n\n\n<div class=\"offer-card\">\n\t<div class=\"offer-card__icon\">\n\t\t<span class=\"offer-card__icon-glow\" aria-hidden=\"true\"><\/span>\n\t\t<div class=\"offer-card__icon-circle\">\n\t\t\t\t\t\t\t<span class=\"offer-card__icon-svg\" aria-hidden=\"true\">\n\t\t\t\t\t<svg viewBox=\"0 0 52 66\" fill=\"none\" xmlns=\"http:\/\/www.w3.org\/2000\/svg\">\n<path d=\"M1.35938 10.5537H38.6485C44.8069 10.5537 49.7992 15.5461 49.7992 21.7045C49.7992 27.8629 44.8069 32.8552 38.6485 32.8552H12.5101C6.35175 32.8552 1.35938 37.8476 1.35938 44.006C1.35938 50.1644 6.35174 55.1567 12.5101 55.1567H49.7992\" stroke=\"white\" stroke-width=\"2.71838\" stroke-linejoin=\"bevel\" \/>\n<path d=\"M40.1123 45.5635L49.6079 55.0591L40.1123 64.5548\" stroke=\"white\" stroke-width=\"2.71838\" stroke-linejoin=\"bevel\" \/>\n<path d=\"M10.8545 19.9521L1.35885 10.4565L10.8545 0.960859\" stroke=\"white\" stroke-width=\"2.71838\" stroke-linejoin=\"bevel\" \/>\n<\/svg>\n\t\t\t\t<\/span>\n\t\t\t\t\t<\/div>\n\t<\/div>\n\t<div class=\"offer-card__content\">\n\t\t\t\t\t<h3 class=\"offer-card__title\">Energy Trading Company<\/h3>\n\t\t\t\t\t\t\t<p class=\"offer-card__description p3\">A company supporting entities involved in electricity trading \u2014 buying and selling energy on the wholesale market.<\/p>\n\t\t\t<\/div>\n\t<div class=\"offer-card__actions\">\n\t\t\t\t\t<a class=\"button is-style-secondary\" href=\"https:\/\/innsoft.pl\/en\/oferta\/energy-trading-company\/\">\n\t\t\t\tSelect\t\t\t<\/a>\n\t\t\t<\/div>\n<\/div>\n\n\n\n<div class=\"offer-card\">\n\t<div class=\"offer-card__icon\">\n\t\t<span class=\"offer-card__icon-glow\" aria-hidden=\"true\"><\/span>\n\t\t<div class=\"offer-card__icon-circle\">\n\t\t\t\t\t\t\t<span class=\"offer-card__icon-svg\" aria-hidden=\"true\">\n\t\t\t\t\t<svg viewBox=\"0 0 56 70\" fill=\"none\" xmlns=\"http:\/\/www.w3.org\/2000\/svg\">\n<path fill-rule=\"evenodd\" clip-rule=\"evenodd\" d=\"M54.9692 34.957H34.3864V0.953125L0.969238 34.957H21.5521V68.9531L54.9692 34.957Z\" stroke=\"white\" stroke-width=\"2.71838\" stroke-linejoin=\"bevel\" \/>\n<\/svg>\n\t\t\t\t<\/span>\n\t\t\t\t\t<\/div>\n\t<\/div>\n\t<div class=\"offer-card__content\">\n\t\t\t\t\t<h3 class=\"offer-card__title\">Energy Producer<\/h3>\n\t\t\t\t\t\t\t<p class=\"offer-card__description p3\">An electricity producer generating energy from sources such as coal, gas, and renewable energy (photovoltaics, wind, biomass).<\/p>\n\t\t\t<\/div>\n\t<div class=\"offer-card__actions\">\n\t\t\t\t\t<a class=\"button is-style-secondary\" href=\"https:\/\/innsoft.pl\/en\/oferta\/energy-producer\/\">\n\t\t\t\tSelect\t\t\t<\/a>\n\t\t\t<\/div>\n<\/div>\n\n\n\n<div class=\"offer-card\">\n\t<div class=\"offer-card__icon\">\n\t\t<span class=\"offer-card__icon-glow\" aria-hidden=\"true\"><\/span>\n\t\t<div class=\"offer-card__icon-circle\">\n\t\t\t\t\t\t\t<span class=\"offer-card__icon-svg\" aria-hidden=\"true\">\n\t\t\t\t\t<svg viewBox=\"0 0 73 45\" fill=\"none\" xmlns=\"http:\/\/www.w3.org\/2000\/svg\">\n<rect x=\"1.35\" y=\"1.35\" width=\"60.3\" height=\"42.3\" stroke=\"white\" stroke-width=\"2.7\" \/>\n<path d=\"M39 8V36H34\" stroke=\"white\" stroke-width=\"2.7\" stroke-linejoin=\"bevel\" \/>\n<path d=\"M21 8V36H16\" stroke=\"white\" stroke-width=\"2.7\" stroke-linejoin=\"bevel\" \/>\n<path d=\"M30 8V36H25\" stroke=\"white\" stroke-width=\"2.7\" stroke-linejoin=\"bevel\" \/>\n<path d=\"M12 8V36H7\" stroke=\"white\" stroke-width=\"2.7\" stroke-linejoin=\"bevel\" \/>\n<path d=\"M39 8V36H34\" stroke=\"white\" stroke-width=\"2.7\" stroke-linejoin=\"bevel\" \/>\n<path d=\"M21 8V36H16\" stroke=\"white\" stroke-width=\"2.7\" stroke-linejoin=\"bevel\" \/>\n<path d=\"M30 8V36H25\" stroke=\"white\" stroke-width=\"2.7\" stroke-linejoin=\"bevel\" \/>\n<path d=\"M12 8V36H7\" stroke=\"white\" stroke-width=\"2.7\" stroke-linejoin=\"bevel\" \/>\n<path d=\"M71 34L71 10L63 10\" stroke=\"white\" stroke-width=\"2.7\" stroke-linejoin=\"bevel\" \/>\n<path d=\"M71 13L71 35L63 35\" stroke=\"white\" stroke-width=\"2.7\" stroke-linejoin=\"bevel\" \/>\n<\/svg>\n\t\t\t\t<\/span>\n\t\t\t\t\t<\/div>\n\t<\/div>\n\t<div class=\"offer-card__content\">\n\t\t\t\t\t<h3 class=\"offer-card__title\">Energy storage<\/h3>\n\t\t\t\t\t\t\t<p class=\"offer-card__description p3\">An operator supporting the management of energy storage systems.<\/p>\n\t\t\t<\/div>\n\t<div class=\"offer-card__actions\">\n\t\t\t\t\t<a class=\"button is-style-secondary\" href=\"https:\/\/innsoft.pl\/en\/oferta\/magazyn-energii\/\">\n\t\t\t\tSelect\t\t\t<\/a>\n\t\t\t<\/div>\n<\/div>\n\n\n\n<div class=\"offer-card\">\n\t<div class=\"offer-card__icon\">\n\t\t<span class=\"offer-card__icon-glow\" aria-hidden=\"true\"><\/span>\n\t\t<div class=\"offer-card__icon-circle\">\n\t\t\t\t\t\t\t<span class=\"offer-card__icon-svg\" aria-hidden=\"true\">\n\t\t\t\t\t<svg viewBox=\"0 0 71 54\" fill=\"none\" xmlns=\"http:\/\/www.w3.org\/2000\/svg\">\n<circle cx=\"24.8501\" cy=\"20.3799\" r=\"11.1957\" stroke=\"white\" stroke-width=\"2.6087\" \/>\n<path d=\"M18.3501 37.8799L46.3501 37.8799L46.3501 53.8799\" stroke=\"white\" stroke-width=\"2.7\" stroke-linejoin=\"bevel\" \/>\n<path d=\"M30.3501 37.8799L1.3501 37.8799L1.3501 53.8799\" stroke=\"white\" stroke-width=\"2.7\" stroke-linejoin=\"bevel\" \/>\n<path fill-rule=\"evenodd\" clip-rule=\"evenodd\" d=\"M69.3501 15.8816H60.2022V0.879883L45.3501 15.8816H54.498V30.8799L69.3501 15.8816Z\" stroke=\"white\" stroke-width=\"2.5\" stroke-linejoin=\"bevel\" \/>\n<\/svg>\n\t\t\t\t<\/span>\n\t\t\t\t\t<\/div>\n\t<\/div>\n\t<div class=\"offer-card__content\">\n\t\t\t\t\t<h3 class=\"offer-card__title\">Utility Consumer<\/h3>\n\t\t\t\t\t\t\t<p class=\"offer-card__description p3\">Large manufacturing enterprises using IT applications to optimize the management of utilities such as electricity, gas, heat, and water.<\/p>\n\t\t\t<\/div>\n\t<div class=\"offer-card__actions\">\n\t\t\t\t\t<a class=\"button is-style-secondary\" href=\"https:\/\/innsoft.pl\/en\/oferta\/utility-consumer\/\">\n\t\t\t\tSelect\t\t\t<\/a>\n\t\t\t<\/div>\n<\/div>\n\n\n\n<div class=\"offer-card\">\n\t<div class=\"offer-card__icon\">\n\t\t<span class=\"offer-card__icon-glow\" aria-hidden=\"true\"><\/span>\n\t\t<div class=\"offer-card__icon-circle\">\n\t\t\t\t\t\t\t<span class=\"offer-card__icon-svg\" aria-hidden=\"true\">\n\t\t\t\t\t<svg viewBox=\"0 0 64 54\" fill=\"none\" xmlns=\"http:\/\/www.w3.org\/2000\/svg\">\n<path d=\"M32.2158 4.34961L32.2158 52.3496L16.2158 52.3496\" stroke=\"white\" stroke-width=\"2.7\" stroke-linejoin=\"bevel\" \/>\n<path d=\"M32.2158 4.34961L32.2158 52.3496L48.2158 52.3496\" stroke=\"white\" stroke-width=\"2.7\" stroke-linejoin=\"bevel\" \/>\n<path d=\"M17.2158 1.34961L32.2158 1.34961L32.2158 17.3496\" stroke=\"white\" stroke-width=\"2.7\" stroke-linejoin=\"bevel\" \/>\n<path d=\"M29.2158 1.34961L9.21582 1.34961L9.21582 17.3496\" stroke=\"white\" stroke-width=\"2.7\" stroke-linejoin=\"bevel\" \/>\n<path d=\"M36.2158 1.34961L54.2158 1.34961L54.2158 17.3496\" stroke=\"white\" stroke-width=\"2.7\" stroke-linejoin=\"bevel\" \/>\n<path d=\"M1.21484 30.3496L9.21484 13.8496L17.2148 30.3496H1.21484Z\" stroke=\"white\" stroke-width=\"2.7\" stroke-linejoin=\"bevel\" \/>\n<path d=\"M62.2158 30.3496L54.2158 13.8496L46.2158 30.3496H62.2158Z\" stroke=\"white\" stroke-width=\"2.7\" stroke-linejoin=\"bevel\" \/>\n<\/svg>\n\t\t\t\t<\/span>\n\t\t\t\t\t<\/div>\n\t<\/div>\n\t<div class=\"offer-card__content\">\n\t\t\t\t\t<h3 class=\"offer-card__title\">Balancing Market and DUB<\/h3>\n\t\t\t\t\t\t\t<p class=\"offer-card__description p3\">Support for companies in participating in the Balancing Market and in providing balancing services to the Transmission System Operator. We offer comprehensive services including the registration of scheduling units, schedule management, optimization of trading positions, participation in the balancing energy market, and in the system services market. We operate both as a support entity for energy market participants and as a Balancing Service Provider.  <\/p>\n\t\t\t<\/div>\n\t<div class=\"offer-card__actions\">\n\t\t\t\t\t<a class=\"button is-style-secondary\" href=\"https:\/\/innsoft.pl\/en\/oferta\/dostawca-uslug-bilansujacych-2\/\">\n\t\t\t\tSelect\t\t\t<\/a>\n\t\t\t<\/div>\n<\/div>\n\n\n\n<div class=\"offer-card\">\n\t<div class=\"offer-card__icon\">\n\t\t<span class=\"offer-card__icon-glow\" aria-hidden=\"true\"><\/span>\n\t\t<div class=\"offer-card__icon-circle\">\n\t\t\t\t\t\t\t<span class=\"offer-card__icon-svg\" aria-hidden=\"true\">\n\t\t\t\t\t<svg viewBox=\"0 0 71 54\" fill=\"none\" xmlns=\"http:\/\/www.w3.org\/2000\/svg\">\n<path d=\"M1.3501 10.3496L1.3501 52.3496L70.3501 52.3496\" stroke=\"white\" stroke-width=\"2.7\" stroke-linejoin=\"bevel\" \/>\n<path d=\"M61.3501 34.3496V44.3496H51.3501\" stroke=\"white\" stroke-width=\"2.4\" stroke-linejoin=\"bevel\" \/>\n<path d=\"M46.3501 34.3496V44.3496H36.3501\" stroke=\"white\" stroke-width=\"2.4\" stroke-linejoin=\"bevel\" \/>\n<path d=\"M51.3501 45.3496V35.3496H61.3501\" stroke=\"white\" stroke-width=\"2.4\" stroke-linejoin=\"bevel\" \/>\n<path d=\"M36.3501 45.3496V35.3496H46.3501\" stroke=\"white\" stroke-width=\"2.4\" stroke-linejoin=\"bevel\" \/>\n<path d=\"M69.3501 53.3496L69.3501 1.3496L0.350093 1.34961\" stroke=\"white\" stroke-width=\"2.7\" stroke-linejoin=\"bevel\" \/>\n<path d=\"M7.3501 32.3496L14.5277 22.6188L21.2566 28.8111L31.5744 16.4265L40.995 22.6188L55.3501 9.34961\" stroke=\"white\" stroke-width=\"2.7\" stroke-linejoin=\"bevel\" \/>\n<\/svg>\n\t\t\t\t<\/span>\n\t\t\t\t\t<\/div>\n\t<\/div>\n\t<div class=\"offer-card__content\">\n\t\t\t\t\t<h3 class=\"offer-card__title\">CSIRE<\/h3>\n\t\t\t\t\t\t\t<p class=\"offer-card__description p3\">Exchange of information between participants of the retail electricity market and the Central Energy Market Information System (CSIRE).<\/p>\n\t\t\t<\/div>\n\t<div class=\"offer-card__actions\">\n\t\t\t\t\t<a class=\"button is-style-secondary\" href=\"https:\/\/innsoft.pl\/en\/oferta\/csire\/\">\n\t\t\t\tSelect\t\t\t<\/a>\n\t\t\t<\/div>\n<\/div>\n<\/div>\n<\/div>\n<\/section>\n\n<section class=\"contact-us section\">\n<div class=\"background\"><video class=\"background__video\" loop=\"\" muted=\"\" playsinline=\"\" autoplay=\"\" data-src=\"https:\/\/innsoft.pl\/wp-content\/uploads\/2026\/03\/INNSFOFT_WWW_Animacja-kontakt-1.mp4\"><\/video><\/div>\n\n\n\n<div class=\"contact-us__inner-container inner-container\">\n<div class=\"container\">\n<h2 class=\"contact-us__heading heading heading--gradient heading--animated\"><span class=\"heading__text\">Contact us<\/span><\/h2>\n\n\n\n<p class=\"contact-us__text text\">Do you have questions, are you looking for a specific solution, or would you like to discuss cooperation? Write or call us \u2014 we\u2019ll be happy to advise you and help choose a system tailored to your needs. We\u2019re here to support energy market participants at every stage.  <\/p>\n<\/div>\n\n\n\n<div class=\"container\">\n<h3 class=\"heading\"><span class=\"heading__text\">Fill out the contact form<\/span><\/h3>\n\n\n\n<div class=\"contact-form mt-0 mb-0\" id=\"contact_form_69f49f35c3a6a\" data-contact-form>\n<div class=\"contact-form__messages\" role=\"status\" aria-live=\"polite\" data-fallback=\"Wyst\u0105pi\u0142 b\u0142\u0105d podczas wysy\u0142ki. Spr\u00f3buj ponownie.\"><\/div>\n\t<form class=\"form contact-form__form\" method=\"post\" action=\"#\" novalidate data-contact-form-form>\n\t\t<input type=\"hidden\" name=\"contactFormConfig\" value=\"eyJyZWNpcGllbnQiOiJwb2N6dGFAaW5uc29mdC5wbCIsInN1YmplY3QiOiJNZXNzYWdlIGZyb20gdGhlIElubnNvZnQgU3AuIHogby5vLiB3ZWJzaXRlIiwic3VjY2Vzc01zZyI6IkR6aVx1MDExOWt1amVteSEgV2lhZG9tb1x1MDE1Ylx1MDEwNyB6b3N0YVx1MDE0MmEgd3lzXHUwMTQyYW5hLiIsImVycm9yTXNnIjoiV3lwZVx1MDE0Mm5paiB3c3p5c3RraWUgd3ltYWdhbmUgcG9sYS4iLCJzcGFtTXNnIjoiTmllc3RldHksIHd5Z2xcdTAxMDVkYSB0byBqYWsgc3BhbS4iLCJob25leXBvdCI6dHJ1ZSwibGFiZWxIb25leXBvdCI6IlBvem9zdGF3IHRvIHBvbGUgcHVzdGUuIiwiZmllbGRzIjpbeyJuYW1lIjoiZnVsbF9uYW1lIiwibGFiZWwiOiJGdWxsIG5hbWUiLCJ0eXBlIjoidGV4dCIsInJlcXVpcmVkIjp0cnVlfSx7Im5hbWUiOiJlbWFpbCIsImxhYmVsIjoiRW1haWwiLCJ0eXBlIjoiZW1haWwiLCJyZXF1aXJlZCI6dHJ1ZX0seyJuYW1lIjoibWVzc2FnZSIsImxhYmVsIjoiTWVzc2FnZSIsInR5cGUiOiJ0ZXh0YXJlYSIsInJlcXVpcmVkIjp0cnVlfV0sImNvbnNlbnQiOltdfQ==\" \/>\n\t\t<input type=\"hidden\" name=\"contactFormSignature\" value=\"279f0c1d1940b8a5b25ebe0a6ea9ffa0\" \/>\n\t\t<input type=\"hidden\" name=\"contactFormNonce\" value=\"1dd3edbc54\" \/>\n\t\t<input type=\"hidden\" name=\"contactFormAnchor\" value=\"contact_form_69f49f35c3a6a\" \/>\n\n\t\t\t\t\t<div class=\"form-item form-item--data\" aria-hidden=\"true\">\n\t\t\t\t<label class=\"label\" for=\"contact_data\">\n\t\t\t\t\tPozostaw to pole puste.\t\t\t\t<\/label>\n\t\t\t\t<input type=\"text\" class=\"input\" id=\"contact_data\" name=\"contactData\" value=\"\" autocomplete=\"off\" tabindex=\"-1\" \/>\n\t\t\t<\/div>\n\t\t\n\t\t<div class=\"form-item form-item--field\">\n\t<label class=\"label\" for=\"contact_full_name_4\">\n\t\t<span class=\"text\">Full name<\/span>\n\t<\/label>\n\t<input\n\t\ttype=\"text\"\n\t\tclass=\"input\"\n\t\tid=\"contact_full_name_4\"\n\t\tname=\"contactFields[full_name]\"\n\t\tplaceholder=\"Enter your full name\"\n\t\trequired\t\tautocomplete=\"off\"\n\t\/>\n<\/div>\n<div class=\"form-item form-item--field\">\n\t<label class=\"label\" for=\"contact_email_5\">\n\t\t<span class=\"text\">Email<\/span>\n\t<\/label>\n\t<input\n\t\ttype=\"email\"\n\t\tclass=\"input\"\n\t\tid=\"contact_email_5\"\n\t\tname=\"contactFields[email]\"\n\t\tplaceholder=\"Enter your email address\"\n\t\trequired\t\tautocomplete=\"off\"\n\t\/>\n<\/div>\n<div class=\"form-item form-item--textarea\">\n\t<label class=\"label\" for=\"contact_message_6\">\n\t\t<span class=\"text\">Message<\/span>\n\t<\/label>\n\t<textarea\n\t\tclass=\"textarea\"\n\t\tid=\"contact_message_6\"\n\t\tname=\"contactFields[message]\"\n\t\tplaceholder=\"Enter your message\"\n\t\trequired\t\trows=\"8\"\n\t\tcols=\"30\"\n\t\tautocomplete=\"off\"\n\t><\/textarea>\n<\/div>\n<div class=\"form-item form-item--info\">\n\t<p class=\"form-info__content\">INNSOFT Sp. z o.o. is the data controller. Your data will be processed for the purpose of responding to your inquiry. <a href=\"https:\/\/innsoft.pl\/en\/polityka-prywatnosci\/\">See details<\/a>. <\/p>\n<\/div>\n<div class=\"form-item form-item--submit\">\n\t<button type=\"submit\" class=\"button is-style-primary\" name=\"contactSubmit\">\n\t\t<span class=\"text\">Wy\u015blij wiadomo\u015b\u0107<\/span>\n\t<\/button>\n<\/div>\n\t<\/form>\n<\/div>\n<\/div>\n<\/div>\n<\/section>\n","protected":false},"excerpt":{"rendered":"","protected":false},"author":3,"featured_media":0,"parent":0,"menu_order":0,"comment_status":"closed","ping_status":"closed","template":"","meta":{"_acf_changed":false,"footnotes":""},"class_list":["post-1855","page","type-page","status-publish","hentry"],"acf":[],"_links":{"self":[{"href":"https:\/\/innsoft.pl\/en\/wp-json\/wp\/v2\/pages\/1855","targetHints":{"allow":["GET"]}}],"collection":[{"href":"https:\/\/innsoft.pl\/en\/wp-json\/wp\/v2\/pages"}],"about":[{"href":"https:\/\/innsoft.pl\/en\/wp-json\/wp\/v2\/types\/page"}],"author":[{"embeddable":true,"href":"https:\/\/innsoft.pl\/en\/wp-json\/wp\/v2\/users\/3"}],"replies":[{"embeddable":true,"href":"https:\/\/innsoft.pl\/en\/wp-json\/wp\/v2\/comments?post=1855"}],"version-history":[{"count":5,"href":"https:\/\/innsoft.pl\/en\/wp-json\/wp\/v2\/pages\/1855\/revisions"}],"predecessor-version":[{"id":3440,"href":"https:\/\/innsoft.pl\/en\/wp-json\/wp\/v2\/pages\/1855\/revisions\/3440"}],"wp:attachment":[{"href":"https:\/\/innsoft.pl\/en\/wp-json\/wp\/v2\/media?parent=1855"}],"curies":[{"name":"wp","href":"https:\/\/api.w.org\/{rel}","templated":true}]}}