{"id":1860,"date":"2025-12-21T02:49:39","date_gmt":"2025-12-21T01:49:39","guid":{"rendered":"https:\/\/innsoft.local\/kontakt\/"},"modified":"2026-04-24T15:38:14","modified_gmt":"2026-04-24T13:38:14","slug":"contact","status":"publish","type":"page","link":"https:\/\/innsoft.pl\/en\/contact\/","title":{"rendered":"Contact"},"content":{"rendered":"\n<section class=\"header-section section pb-0\">\n\n\n<div class=\"header-section__inner-container inner-container\">\n<div\n\tclass=\"page-header page-header--block page-header--no-icon\"\n\t\t\tstyle=\"--page-header-padding-bottom: 99px; --page-header-padding-bottom-mobile: 49.5px;\"\n\t>\n\t<div class=\"page-header__body\">\n\t\t\n\t\t\n\t\t<div class=\"page-header__content\">\n\t\t\t\t\t\t\t<div class=\"page-header__title-group\">\n\t\t\t\t\t\t\t\t\t\t\t\t\t\t\t\t<h1 class=\"page-header__title heading--gradient\">\n\t\t\t\t\t\t\tContact\t\t\t\t\t\t<\/h1>\n\t\t\t\t\t\t\t\t\t<\/div>\n\t\t\t\t\t\t\t\t\t\t\t\t\t\t<p class=\"page-header__description\" style=\"max-width: 520px; font-size: 1.6rem;\">We will be happy to answer your questions and discuss how we can support the growth of your company.<\/p>\n\t\t\t\n\t\t\t\t\t<\/div>\n\t<\/div>\n<\/div>\n<\/div>\n<\/section>\n\n<section class=\"address-details-and-form section\">\n\n\n<div class=\"address-details-and-form__inner-container inner-container pt-3xl pb-3xl\">\n<div class=\"container\">\n<h3 class=\"heading\"><span class=\"heading__text\">Contact details<\/span><\/h3>\n\n\n\n<div class=\"contact-details\"><div class=\"contact-details__info\"><img decoding=\"async\" class=\"contact-details__image\" src=\"https:\/\/innsoft.pl\/wp-content\/uploads\/2026\/01\/biuro.webp\" alt=\"\"\/><div class=\"contact-details__texts\">\n<div class=\"contact-details__item contact-details__item--address\">\n<p class=\"contact-details__title\">Address<\/p>\n\n\n\n<p class=\"contact-details__text\">25 Murma\u0144ska Street<br\/>04-203 Warsaw <\/p>\n<\/div>\n\n\n\n<div class=\"contact-details__item contact-details__item--phone\">\n<p class=\"contact-details__title\">Phone\/Fax:<\/p>\n\n\n\n<p class=\"contact-details__text\"><a href=\"tel:+48%C2%A022%C2%A0610%C2%A077%C2%A050\">+48 22 610 77 50<\/a><br\/><a href=\"http:\/\/+48%C2%A022%C2%A0870%C2%A036%C2%A059\">+48 22 870 36 59<\/a><br\/><a href=\"http:\/\/+48%C2%A022%C2%A0870%C2%A036%C2%A073\">+48 22 870 36 73<\/a><\/p>\n<\/div>\n\n\n\n<div class=\"contact-details__item contact-details__item--mail\">\n<p class=\"contact-details__title\">Email:<\/p>\n\n\n\n<p class=\"contact-details__text\"><a href=\"mailto:poczta@innsoft.pl\">poczta@innsoft.pl<\/a><\/p>\n<\/div>\n\n\n\n<div class=\"contact-details__company\"><p class=\"contact-details__company-text\">\n<span class=\"contact-details__company-part contact-details__company-part--name\"><span><span><span><strong>Innsoft Sp. z o.o. <\/strong><\/span><\/span><\/span><\/span>\n\n\n\n<span class=\"contact-details__company-part contact-details__company-part--nip\"><span><span><span>Tax ID (NIP): 5210324183<\/span><\/span><\/span><\/span>\n\n\n\n<span class=\"contact-details__company-part contact-details__company-part--regon\"><span><span><span>REGON: 001317779<\/span><\/span><\/span><\/span>\n\n\n\n<span class=\"contact-details__company-part contact-details__company-part--krs\"><span><span><span>KRS: 0000115750<\/span><\/span><\/span><\/span>\n<\/p><\/div>\n<\/div><\/div><div class=\"contact-details__map\"><div><iframe src=\"https:\/\/www.google.com\/maps\/embed?pb=!1m18!1m12!1m3!1d2443.3061653866907!2d21.126390577468886!3d52.23782237198863!2m3!1f0!2f0!3f0!3m2!1i1024!2i768!4f13.1!3m3!1m2!1s0x471ecd931dedd617%3A0xc7c27c5af855c9fb!2sInnsoft%20Sp.%20z%20o.o.!5e0!3m2!1spl!2spl!4v1767597748765!5m2!1spl!2spl\" width=\"600\" height=\"450\" style=\"border:0;\" allowfullscreen=\"\" loading=\"lazy\" referrerpolicy=\"no-referrer-when-downgrade\"><\/iframe><\/div><\/div><\/div>\n<\/div>\n\n\n\n<div class=\"container\">\n<h3 class=\"heading\"><span class=\"heading__text\">Fill out the contact form<\/span><\/h3>\n\n\n\n<div class=\"contact-form mt-0 mb-0\" id=\"contact_form_69f4a1882c06d\" data-contact-form>\n<div class=\"contact-form__messages\" role=\"status\" aria-live=\"polite\" data-fallback=\"Wyst\u0105pi\u0142 b\u0142\u0105d podczas wysy\u0142ki. Spr\u00f3buj ponownie.\"><\/div>\n\t<form class=\"form contact-form__form\" method=\"post\" action=\"#\" novalidate data-contact-form-form>\n\t\t<input type=\"hidden\" name=\"contactFormConfig\" value=\"eyJyZWNpcGllbnQiOiJwb2N6dGFAaW5uc29mdC5wbCIsInN1YmplY3QiOiJNZXNzYWdlIGZyb20gdGhlIElubnNvZnQgU3AuIHogby5vLiB3ZWJzaXRlIiwic3VjY2Vzc01zZyI6IkR6aVx1MDExOWt1amVteSEgV2lhZG9tb1x1MDE1Ylx1MDEwNyB6b3N0YVx1MDE0MmEgd3lzXHUwMTQyYW5hLiIsImVycm9yTXNnIjoiV3lwZVx1MDE0Mm5paiB3c3p5c3RraWUgd3ltYWdhbmUgcG9sYS4iLCJzcGFtTXNnIjoiTmllc3RldHksIHd5Z2xcdTAxMDVkYSB0byBqYWsgc3BhbS4iLCJob25leXBvdCI6dHJ1ZSwibGFiZWxIb25leXBvdCI6IlBvem9zdGF3IHRvIHBvbGUgcHVzdGUuIiwiZmllbGRzIjpbeyJuYW1lIjoiZnVsbF9uYW1lIiwibGFiZWwiOiJGdWxsIG5hbWUiLCJ0eXBlIjoidGV4dCIsInJlcXVpcmVkIjp0cnVlfSx7Im5hbWUiOiJlbWFpbCIsImxhYmVsIjoiRW1haWwiLCJ0eXBlIjoiZW1haWwiLCJyZXF1aXJlZCI6dHJ1ZX0seyJuYW1lIjoibWVzc2FnZSIsImxhYmVsIjoiTWVzc2FnZSIsInR5cGUiOiJ0ZXh0YXJlYSIsInJlcXVpcmVkIjp0cnVlfV0sImNvbnNlbnQiOltdfQ==\" \/>\n\t\t<input type=\"hidden\" name=\"contactFormSignature\" value=\"279f0c1d1940b8a5b25ebe0a6ea9ffa0\" \/>\n\t\t<input type=\"hidden\" name=\"contactFormNonce\" value=\"1dd3edbc54\" \/>\n\t\t<input type=\"hidden\" name=\"contactFormAnchor\" value=\"contact_form_69f4a1882c06d\" \/>\n\n\t\t\t\t\t<div class=\"form-item form-item--data\" aria-hidden=\"true\">\n\t\t\t\t<label class=\"label\" for=\"contact_data\">\n\t\t\t\t\tPozostaw to pole puste.\t\t\t\t<\/label>\n\t\t\t\t<input type=\"text\" class=\"input\" id=\"contact_data\" name=\"contactData\" value=\"\" autocomplete=\"off\" tabindex=\"-1\" \/>\n\t\t\t<\/div>\n\t\t\n\t\t<div class=\"form-item form-item--field\">\n\t<label class=\"label\" for=\"contact_full_name_4\">\n\t\t<span class=\"text\">Full name<\/span>\n\t<\/label>\n\t<input\n\t\ttype=\"text\"\n\t\tclass=\"input\"\n\t\tid=\"contact_full_name_4\"\n\t\tname=\"contactFields[full_name]\"\n\t\tplaceholder=\"Enter your full name\"\n\t\trequired\t\tautocomplete=\"off\"\n\t\/>\n<\/div>\n<div class=\"form-item form-item--field\">\n\t<label class=\"label\" for=\"contact_email_5\">\n\t\t<span class=\"text\">Email<\/span>\n\t<\/label>\n\t<input\n\t\ttype=\"email\"\n\t\tclass=\"input\"\n\t\tid=\"contact_email_5\"\n\t\tname=\"contactFields[email]\"\n\t\tplaceholder=\"Enter your email address\"\n\t\trequired\t\tautocomplete=\"off\"\n\t\/>\n<\/div>\n<div class=\"form-item form-item--textarea\">\n\t<label class=\"label\" for=\"contact_message_6\">\n\t\t<span class=\"text\">Message<\/span>\n\t<\/label>\n\t<textarea\n\t\tclass=\"textarea\"\n\t\tid=\"contact_message_6\"\n\t\tname=\"contactFields[message]\"\n\t\tplaceholder=\"Enter your message\"\n\t\trequired\t\trows=\"8\"\n\t\tcols=\"30\"\n\t\tautocomplete=\"off\"\n\t><\/textarea>\n<\/div>\n<div class=\"form-item form-item--info\">\n\t<p class=\"form-info__content\">INNSOFT Sp. z o.o. is the data controller. Your data will be processed for the purpose of responding to your inquiry. <a href=\"https:\/\/innsoft.pl\/en\/polityka-prywatnosci\/\">See details<\/a>. <\/p>\n<\/div>\n<div class=\"form-item form-item--submit\">\n\t<button type=\"submit\" class=\"button is-style-primary\" name=\"contactSubmit\">\n\t\t<span class=\"text\">Wy\u015blij wiadomo\u015b\u0107<\/span>\n\t<\/button>\n<\/div>\n\t<\/form>\n<\/div>\n<\/div>\n<\/div>\n<\/section>\n","protected":false},"excerpt":{"rendered":"","protected":false},"author":3,"featured_media":0,"parent":0,"menu_order":0,"comment_status":"closed","ping_status":"closed","template":"","meta":{"_acf_changed":false,"footnotes":""},"class_list":["post-1860","page","type-page","status-publish","hentry"],"acf":[],"_links":{"self":[{"href":"https:\/\/innsoft.pl\/en\/wp-json\/wp\/v2\/pages\/1860","targetHints":{"allow":["GET"]}}],"collection":[{"href":"https:\/\/innsoft.pl\/en\/wp-json\/wp\/v2\/pages"}],"about":[{"href":"https:\/\/innsoft.pl\/en\/wp-json\/wp\/v2\/types\/page"}],"author":[{"embeddable":true,"href":"https:\/\/innsoft.pl\/en\/wp-json\/wp\/v2\/users\/3"}],"replies":[{"embeddable":true,"href":"https:\/\/innsoft.pl\/en\/wp-json\/wp\/v2\/comments?post=1860"}],"version-history":[{"count":5,"href":"https:\/\/innsoft.pl\/en\/wp-json\/wp\/v2\/pages\/1860\/revisions"}],"predecessor-version":[{"id":3453,"href":"https:\/\/innsoft.pl\/en\/wp-json\/wp\/v2\/pages\/1860\/revisions\/3453"}],"wp:attachment":[{"href":"https:\/\/innsoft.pl\/en\/wp-json\/wp\/v2\/media?parent=1860"}],"curies":[{"name":"wp","href":"https:\/\/api.w.org\/{rel}","templated":true}]}}