{"id":1867,"date":"2025-12-21T02:49:03","date_gmt":"2025-12-21T01:49:03","guid":{"rendered":"https:\/\/innsoft.local\/klienci\/"},"modified":"2026-04-23T08:37:24","modified_gmt":"2026-04-23T06:37:24","slug":"clients","status":"publish","type":"page","link":"https:\/\/innsoft.pl\/en\/about-us\/clients\/","title":{"rendered":"Clients"},"content":{"rendered":"\n<section class=\"header-section section pb-0\">\n\n\n<div class=\"header-section__inner-container inner-container\">\n<div\n\tclass=\"page-header page-header--block page-header--no-icon\"\n\t\t\tstyle=\"--page-header-padding-bottom: 164px; --page-header-padding-bottom-mobile: 60px;\"\n\t>\n\t<div class=\"page-header__body\">\n\t\t\n\t\t\n\t\t<div class=\"page-header__content\">\n\t\t\t\t\t\t\t<div class=\"page-header__title-group\">\n\t\t\t\t\t\t\t\t\t\t\t\t\t\t\t\t<h1 class=\"page-header__title heading--gradient\">\n\t\t\t\t\t\t\tClients\t\t\t\t\t\t<\/h1>\n\t\t\t\t\t\t\t\t\t<\/div>\n\t\t\t\t\t\t\t\t\t\t\t\t\t\t<p class=\"page-header__description\" style=\"max-width: 800px; font-size: 2rem;\">For years, we have been building strong and lasting relationships with our clients, delivering solutions tailored not only to their individual needs but also aligned with the dynamically changing requirements of the energy market. Our client list is proof of our competence and experience, as well as confirmation of our position in the market. We present companies that have trusted our proprietary solutions.<\/p>\n\t\t\t\n\t\t\t\t\t<\/div>\n\t<\/div>\n<\/div>\n<\/div>\n<\/section>\n\n<section class=\"trusted-by-2 section mt-48 mb-48\">\n\n\n<div class=\"trusted-by-2__inner-container inner-container pt-3xl pb-3xl\">\n<h2 class=\"trusted-by-2__heading heading heading--gradient heading--rule-after heading--animated\"><span class=\"heading__text\">We have delivered projects<br\/>for companies such as<\/span><\/h2>\n\n\n\n<div class=\"trusted-by-2__grid container\">\n<div class=\"client-card\"><div class=\"client-card__logo\"><img decoding=\"async\" class=\"client-card__logo-image\" src=\"https:\/\/innsoft.pl\/wp-content\/uploads\/2025\/12\/PSE.png\" alt=\"\"\/><\/div><h4 class=\"client-card__name\">Polskie Sieci Elektroenergetyczne S.A.<\/h4><\/div>\n\n\n\n<div class=\"client-card\"><div class=\"client-card__logo\" style=\"--client-card-logo-padding:13px\"><img decoding=\"async\" class=\"client-card__logo-image\" src=\"https:\/\/innsoft.pl\/wp-content\/uploads\/2026\/03\/EOP_niebieski-e1774538580162.png\" alt=\"Enea Operator\"\/><\/div><h4 class=\"client-card__name\">ENEA Operator Sp. z o.o. website<\/h4><\/div>\n\n\n\n<div class=\"client-card\"><div class=\"client-card__logo\"><img decoding=\"async\" class=\"client-card__logo-image\" src=\"https:\/\/innsoft.pl\/wp-content\/uploads\/2026\/03\/1.-Sygnet-podstawowy.jpg\" alt=\"TEWL\"\/><\/div><h4 class=\"client-card__name\">Towarzystwo Inwestycyjne<br\/>\u201eElektrownia \u2013 Wsch\u00f3d\u201d S.A.<\/h4><\/div>\n\n\n\n<div class=\"client-card\"><div class=\"client-card__logo\" style=\"--client-card-logo-padding:6px\"><img decoding=\"async\" class=\"client-card__logo-image\" src=\"https:\/\/innsoft.pl\/wp-content\/uploads\/2026\/03\/Polska-Grupa-Biogazowa.jpg\" alt=\"Polska Grupa Biogazowa\"\/><\/div><h4 class=\"client-card__name\">Polska Grupa Biogazowa S.A.<\/h4><\/div>\n\n\n\n<div class=\"client-card-v2\"><div class=\"client-card-v2__header\"><div class=\"client-card-v2__icon\"><span class=\"client-card-v2__icon-glow\" aria-hidden=\"true\"><\/span><div class=\"client-card-v2__icon-surface\"><img decoding=\"async\" src=\"https:\/\/innsoft.pl\/wp-content\/uploads\/2025\/12\/operator-systemu-dystrybucyjnego.svg\" alt=\"\"\/><\/div><\/div><\/div><div class=\"client-card-v2__name\">TAURON Polska Energia S.A.<\/div><\/div>\n\n\n\n<div class=\"client-card-v2\"><div class=\"client-card-v2__header\"><div class=\"client-card-v2__icon\"><span class=\"client-card-v2__icon-glow\" aria-hidden=\"true\"><\/span><div class=\"client-card-v2__icon-surface\"><img decoding=\"async\" src=\"https:\/\/innsoft.pl\/wp-content\/uploads\/2025\/12\/odbiorca-mediow.svg\" alt=\"\"\/><\/div><\/div><\/div><div class=\"client-card-v2__name\">Volkswagen Pozna\u0144 Sp. z o.o.<\/div><\/div>\n\n\n\n<div class=\"client-card-v2\"><div class=\"client-card-v2__header\"><div class=\"client-card-v2__icon\"><span class=\"client-card-v2__icon-glow\" aria-hidden=\"true\"><\/span><div class=\"client-card-v2__icon-surface\"><img decoding=\"async\" src=\"https:\/\/innsoft.pl\/wp-content\/uploads\/2025\/12\/operator-systemu-dystrybucyjnego.svg\" alt=\"\"\/><\/div><\/div><\/div><div class=\"client-card-v2__name\">E.ON Polska S.A.<\/div><\/div>\n\n\n\n<div class=\"client-card-v2\"><div class=\"client-card-v2__header\"><div class=\"client-card-v2__icon\"><span class=\"client-card-v2__icon-glow\" aria-hidden=\"true\"><\/span><div class=\"client-card-v2__icon-surface\"><img decoding=\"async\" src=\"https:\/\/innsoft.pl\/wp-content\/uploads\/2025\/12\/operator-systemu-dystrybucyjnego.svg\" alt=\"\"\/><\/div><\/div><\/div><div class=\"client-card-v2__name\">Stoen Operator Sp. z o.o.<\/div><\/div>\n\n\n\n<div class=\"client-card-v2\"><div class=\"client-card-v2__header\"><div class=\"client-card-v2__icon\"><span class=\"client-card-v2__icon-glow\" aria-hidden=\"true\"><\/span><div class=\"client-card-v2__icon-surface\"><img decoding=\"async\" src=\"https:\/\/innsoft.pl\/wp-content\/uploads\/2025\/12\/operator-systemu-dystrybucyjnego.svg\" alt=\"\"\/><\/div><\/div><\/div><div class=\"client-card-v2__name\">PGE Dystrybucja S.A.<\/div><\/div>\n\n\n\n<div class=\"client-card-v2\"><div class=\"client-card-v2__header\"><div class=\"client-card-v2__icon\"><span class=\"client-card-v2__icon-glow\" aria-hidden=\"true\"><\/span><div class=\"client-card-v2__icon-surface\"><img decoding=\"async\" src=\"https:\/\/innsoft.pl\/wp-content\/uploads\/2025\/12\/operator-systemu-dystrybucyjnego-nieprzylaczony.svg\" alt=\"\"\/><\/div><\/div><\/div><div class=\"client-card-v2__name\">Edison Next Poland Sp. z o.o.<\/div><\/div>\n\n\n\n<div class=\"client-card-v2\"><div class=\"client-card-v2__header\"><div class=\"client-card-v2__icon\"><span class=\"client-card-v2__icon-glow\" aria-hidden=\"true\"><\/span><div class=\"client-card-v2__icon-surface\"><img decoding=\"async\" src=\"https:\/\/innsoft.pl\/wp-content\/uploads\/2025\/12\/operator-systemu-dystrybucyjnego.svg\" alt=\"\"\/><\/div><\/div><div class=\"client-card-v2__offer\"> <\/div><\/div><div class=\"client-card-v2__name\">PGE Dystrybucja S.A.<br>Oddzia\u0142 \u0141\u00f3d\u017a<\/div><\/div>\n\n\n\n<div class=\"client-card-v2\"><div class=\"client-card-v2__header\"><div class=\"client-card-v2__icon\"><span class=\"client-card-v2__icon-glow\" aria-hidden=\"true\"><\/span><div class=\"client-card-v2__icon-surface\"><img decoding=\"async\" src=\"https:\/\/innsoft.pl\/wp-content\/uploads\/2025\/12\/operator-systemu-dystrybucyjnego.svg\" alt=\"\"\/><\/div><\/div><div class=\"client-card-v2__offer\"> <\/div><\/div><div class=\"client-card-v2__name\">PGE Dystrybucja S.A.<br>Oddzia\u0142 Rzesz\u00f3w<\/div><\/div>\n\n\n\n<div class=\"client-card-v2\"><div class=\"client-card-v2__header\"><div class=\"client-card-v2__icon\"><span class=\"client-card-v2__icon-glow\" aria-hidden=\"true\"><\/span><div class=\"client-card-v2__icon-surface\"><img decoding=\"async\" src=\"https:\/\/innsoft.pl\/wp-content\/uploads\/2025\/12\/operator-systemu-dystrybucyjnego.svg\" alt=\"\"\/><\/div><\/div><div class=\"client-card-v2__offer\"> <\/div><\/div><div class=\"client-card-v2__name\">PGE Dystrybucja S.A.<br>Oddzia\u0142 Skar\u017cysko-Kamienna<\/div><\/div>\n\n\n\n<div class=\"client-card-v2\"><div class=\"client-card-v2__header\"><div class=\"client-card-v2__icon\"><span class=\"client-card-v2__icon-glow\" aria-hidden=\"true\"><\/span><div class=\"client-card-v2__icon-surface\"><img decoding=\"async\" src=\"https:\/\/innsoft.pl\/wp-content\/uploads\/2025\/12\/operator-systemu-dystrybucyjnego.svg\" alt=\"\"\/><\/div><\/div><div class=\"client-card-v2__offer\"> <\/div><\/div><div class=\"client-card-v2__name\">PGE Dystrybucja S.A.<br>Oddzia\u0142 Warszawa<\/div><\/div>\n\n\n\n<div class=\"client-card-v2\"><div class=\"client-card-v2__header\"><div class=\"client-card-v2__icon\"><span class=\"client-card-v2__icon-glow\" aria-hidden=\"true\"><\/span><div class=\"client-card-v2__icon-surface\"><img decoding=\"async\" src=\"https:\/\/innsoft.pl\/wp-content\/uploads\/2025\/12\/operator-systemu-dystrybucyjnego.svg\" alt=\"\"\/><\/div><\/div><div class=\"client-card-v2__offer\"> <\/div><\/div><div class=\"client-card-v2__name\">PGE Dystrybucja S.A.<br>Oddzia\u0142 Zamo\u015b\u0107<\/div><\/div>\n\n\n\n<div class=\"client-card-v2\"><div class=\"client-card-v2__header\"><div class=\"client-card-v2__icon\"><span class=\"client-card-v2__icon-glow\" aria-hidden=\"true\"><\/span><div class=\"client-card-v2__icon-surface\"><img decoding=\"async\" src=\"https:\/\/innsoft.pl\/wp-content\/uploads\/2025\/12\/sprzedawca-energii.svg\" alt=\"\"\/><\/div><\/div><\/div><div class=\"client-card-v2__name\">PGE Energetyka Kolejowa S.A.<\/div><\/div>\n\n\n\n<div class=\"client-card-v2\"><div class=\"client-card-v2__header\"><div class=\"client-card-v2__icon\"><span class=\"client-card-v2__icon-glow\" aria-hidden=\"true\"><\/span><div class=\"client-card-v2__icon-surface\"><img decoding=\"async\" src=\"https:\/\/innsoft.pl\/wp-content\/uploads\/2025\/12\/sprzedawca-energii.svg\" alt=\"\"\/><\/div><\/div><\/div><div class=\"client-card-v2__name\">Energetyka Cieplna Opolszczyzna S.A.<\/div><\/div>\n\n\n\n<div class=\"client-card-v2\"><div class=\"client-card-v2__header\"><div class=\"client-card-v2__icon\"><span class=\"client-card-v2__icon-glow\" aria-hidden=\"true\"><\/span><div class=\"client-card-v2__icon-surface\"><img decoding=\"async\" src=\"https:\/\/innsoft.pl\/wp-content\/uploads\/2025\/12\/operator-systemu-dystrybucyjnego-nieprzylaczony.svg\" alt=\"\"\/><\/div><\/div><\/div><div class=\"client-card-v2__name\">Zael-Energo Sp. z o.o.<\/div><\/div>\n\n\n\n<div class=\"client-card-v2\"><div class=\"client-card-v2__header\"><div class=\"client-card-v2__icon\"><span class=\"client-card-v2__icon-glow\" aria-hidden=\"true\"><\/span><div class=\"client-card-v2__icon-surface\"><img decoding=\"async\" src=\"https:\/\/innsoft.pl\/wp-content\/uploads\/2025\/12\/wytworca-energii.svg\" alt=\"\"\/><\/div><\/div><\/div><div class=\"client-card-v2__name\">ENERGA Elektrownie Ostro\u0142\u0119ka S.A.<\/div><\/div>\n\n\n\n<div class=\"client-card-v2\"><div class=\"client-card-v2__header\"><div class=\"client-card-v2__icon\"><span class=\"client-card-v2__icon-glow\" aria-hidden=\"true\"><\/span><div class=\"client-card-v2__icon-surface\"><img decoding=\"async\" src=\"https:\/\/innsoft.pl\/wp-content\/uploads\/2025\/12\/sprzedawca-energii.svg\" alt=\"\"\/><\/div><\/div><\/div><div class=\"client-card-v2__name\">Po\u0142udniowy Koncern W\u0119glowy S.A.<\/div><\/div>\n\n\n\n<div class=\"client-card-v2\"><div class=\"client-card-v2__header\"><div class=\"client-card-v2__icon\"><span class=\"client-card-v2__icon-glow\" aria-hidden=\"true\"><\/span><div class=\"client-card-v2__icon-surface\"><img decoding=\"async\" src=\"https:\/\/innsoft.pl\/wp-content\/uploads\/2025\/12\/sprzedawca-energii.svg\" alt=\"\"\/><\/div><\/div><\/div><div class=\"client-card-v2__name\">Energa Obr\u00f3t S.A.<\/div><\/div>\n\n\n\n<div class=\"client-card-v2\"><div class=\"client-card-v2__header\"><div class=\"client-card-v2__icon\"><span class=\"client-card-v2__icon-glow\" aria-hidden=\"true\"><\/span><div class=\"client-card-v2__icon-surface\"><img decoding=\"async\" src=\"https:\/\/innsoft.pl\/wp-content\/uploads\/2025\/12\/odbiorca-mediow.svg\" alt=\"\"\/><\/div><\/div><\/div><div class=\"client-card-v2__name\">CELSA Huta Ostrowiec Sp. z o.o.<\/div><\/div>\n\n\n\n<div class=\"client-card-v2\"><div class=\"client-card-v2__header\"><div class=\"client-card-v2__icon\"><span class=\"client-card-v2__icon-glow\" aria-hidden=\"true\"><\/span><div class=\"client-card-v2__icon-surface\"><img decoding=\"async\" src=\"https:\/\/innsoft.pl\/wp-content\/uploads\/2025\/12\/operator-systemu-dystrybucyjnego-nieprzylaczony.svg\" alt=\"\"\/><\/div><\/div><\/div><div class=\"client-card-v2__name\">Polenergia Dystrybucja Sp. z o.o.<\/div><\/div>\n\n\n\n<div class=\"client-card-v2\"><div class=\"client-card-v2__header\"><div class=\"client-card-v2__icon\"><span class=\"client-card-v2__icon-glow\" aria-hidden=\"true\"><\/span><div class=\"client-card-v2__icon-surface\"><img decoding=\"async\" src=\"https:\/\/innsoft.pl\/wp-content\/uploads\/2025\/12\/sprzedawca-energii.svg\" alt=\"\"\/><\/div><\/div><\/div><div class=\"client-card-v2__name\">PGE Obr\u00f3t S.A.<\/div><\/div>\n\n\n\n<div class=\"client-card-v2\"><div class=\"client-card-v2__header\"><div class=\"client-card-v2__icon\"><span class=\"client-card-v2__icon-glow\" aria-hidden=\"true\"><\/span><div class=\"client-card-v2__icon-surface\"><img decoding=\"async\" src=\"https:\/\/innsoft.pl\/wp-content\/uploads\/2025\/12\/odbiorca-mediow.svg\" alt=\"\"\/><\/div><\/div><\/div><div class=\"client-card-v2__name\">PGE GiEK SA Oddzia\u0142 KWB Be\u0142chat\u00f3w<\/div><\/div>\n\n\n\n<div class=\"client-card-v2\"><div class=\"client-card-v2__header\"><div class=\"client-card-v2__icon\"><span class=\"client-card-v2__icon-glow\" aria-hidden=\"true\"><\/span><div class=\"client-card-v2__icon-surface\"><img decoding=\"async\" src=\"https:\/\/innsoft.pl\/wp-content\/uploads\/2025\/12\/sprzedawca-energii.svg\" alt=\"\"\/><\/div><\/div><\/div><div class=\"client-card-v2__name\">Respect Energy S.A.<\/div><\/div>\n\n\n\n<div class=\"client-card-v2\"><div class=\"client-card-v2__header\"><div class=\"client-card-v2__icon\"><span class=\"client-card-v2__icon-glow\" aria-hidden=\"true\"><\/span><div class=\"client-card-v2__icon-surface\"><img decoding=\"async\" src=\"https:\/\/innsoft.pl\/wp-content\/uploads\/2025\/12\/odbiorca-mediow.svg\" alt=\"\"\/><\/div><\/div><\/div><div class=\"client-card-v2__name\">Polska Grupa G\u00f3rnicza S.A.<\/div><\/div>\n\n\n\n<div class=\"client-card-v2\"><div class=\"client-card-v2__header\"><div class=\"client-card-v2__icon\"><span class=\"client-card-v2__icon-glow\" aria-hidden=\"true\"><\/span><div class=\"client-card-v2__icon-surface\"><img decoding=\"async\" src=\"https:\/\/innsoft.pl\/wp-content\/uploads\/2025\/12\/odbiorca-mediow.svg\" alt=\"\"\/><\/div><\/div><\/div><div class=\"client-card-v2__name\">O-I Produkcja Polska S.A.<\/div><\/div>\n\n\n\n<div class=\"client-card-v2\"><div class=\"client-card-v2__header\"><div class=\"client-card-v2__icon\"><span class=\"client-card-v2__icon-glow\" aria-hidden=\"true\"><\/span><div class=\"client-card-v2__icon-surface\"><img decoding=\"async\" src=\"https:\/\/innsoft.pl\/wp-content\/uploads\/2025\/12\/wytworca-energii.svg\" alt=\"\"\/><\/div><\/div><\/div><div class=\"client-card-v2__name\">Wind Invest Sp. z o.o.<\/div><\/div>\n\n\n\n<div class=\"client-card-v2\"><div class=\"client-card-v2__header\"><div class=\"client-card-v2__icon\"><span class=\"client-card-v2__icon-glow\" aria-hidden=\"true\"><\/span><div class=\"client-card-v2__icon-surface\"><img decoding=\"async\" src=\"https:\/\/innsoft.pl\/wp-content\/uploads\/2025\/12\/odbiorca-mediow.svg\" alt=\"\"\/><\/div><\/div><\/div><div class=\"client-card-v2__name\">Ku\u017ania Polska S.A.<\/div><\/div>\n\n\n\n<div class=\"client-card-v2\"><div class=\"client-card-v2__header\"><div class=\"client-card-v2__icon\"><span class=\"client-card-v2__icon-glow\" aria-hidden=\"true\"><\/span><div class=\"client-card-v2__icon-surface\"><img decoding=\"async\" src=\"https:\/\/innsoft.pl\/wp-content\/uploads\/2025\/12\/odbiorca-mediow.svg\" alt=\"\"\/><\/div><\/div><\/div><div class=\"client-card-v2__name\">ArcelorMittal Warszawa Sp. z o.o.<\/div><\/div>\n\n\n\n<div class=\"client-card-v2\"><div class=\"client-card-v2__header\"><div class=\"client-card-v2__icon\"><span class=\"client-card-v2__icon-glow\" aria-hidden=\"true\"><\/span><div class=\"client-card-v2__icon-surface\"><img decoding=\"async\" src=\"https:\/\/innsoft.pl\/wp-content\/uploads\/2025\/12\/odbiorca-mediow.svg\" alt=\"\"\/><\/div><\/div><\/div><div class=\"client-card-v2__name\">Zak\u0142ady G\u00f3rniczo-Hutnicze &#8220;Boles\u0142aw&#8221; S.A.<\/div><\/div>\n\n\n\n<div class=\"client-card-v2\"><div class=\"client-card-v2__header\"><div class=\"client-card-v2__icon\"><span class=\"client-card-v2__icon-glow\" aria-hidden=\"true\"><\/span><div class=\"client-card-v2__icon-surface\"><img decoding=\"async\" src=\"https:\/\/innsoft.pl\/wp-content\/uploads\/2025\/12\/odbiorca-mediow.svg\" alt=\"\"\/><\/div><\/div><\/div><div class=\"client-card-v2__name\">Stalprodukt S.A.<\/div><\/div>\n\n\n\n<div class=\"client-card-v2\"><div class=\"client-card-v2__header\"><div class=\"client-card-v2__icon\"><span class=\"client-card-v2__icon-glow\" aria-hidden=\"true\"><\/span><div class=\"client-card-v2__icon-surface\"><img decoding=\"async\" src=\"https:\/\/innsoft.pl\/wp-content\/uploads\/2025\/12\/odbiorca-mediow.svg\" alt=\"\"\/><\/div><\/div><\/div><div class=\"client-card-v2__name\">Federal-Mogul Gorzyce Sp. z o.o.<br>GRUPA TENNECO<\/div><\/div>\n\n\n\n<div class=\"client-card-v2\"><div class=\"client-card-v2__header\"><div class=\"client-card-v2__icon\"><span class=\"client-card-v2__icon-glow\" aria-hidden=\"true\"><\/span><div class=\"client-card-v2__icon-surface\"><img decoding=\"async\" src=\"https:\/\/innsoft.pl\/wp-content\/uploads\/2025\/12\/odbiorca-mediow.svg\" alt=\"\"\/><\/div><\/div><\/div><div class=\"client-card-v2__name\">Zak\u0142ady Mechaniczne BUMAR-\u0141AB\u0118DY S.A.<\/div><\/div>\n\n\n\n<div class=\"client-card-v2\"><div class=\"client-card-v2__header\"><div class=\"client-card-v2__icon\"><span class=\"client-card-v2__icon-glow\" aria-hidden=\"true\"><\/span><div class=\"client-card-v2__icon-surface\"><img decoding=\"async\" src=\"https:\/\/innsoft.pl\/wp-content\/uploads\/2025\/12\/odbiorca-mediow.svg\" alt=\"\"\/><\/div><\/div><\/div><div class=\"client-card-v2__name\">RE Alloys Sp. z o.o.<\/div><\/div>\n\n\n\n<div class=\"client-card-v2\"><div class=\"client-card-v2__header\"><div class=\"client-card-v2__icon\"><span class=\"client-card-v2__icon-glow\" aria-hidden=\"true\"><\/span><div class=\"client-card-v2__icon-surface\"><img decoding=\"async\" src=\"https:\/\/innsoft.pl\/wp-content\/uploads\/2025\/12\/odbiorca-mediow.svg\" alt=\"\"\/><\/div><\/div><\/div><div class=\"client-card-v2__name\">ZEM \u0141ab\u0119dy Sp. z o.o.<\/div><\/div>\n\n\n\n<div class=\"client-card-v2\"><div class=\"client-card-v2__header\"><div class=\"client-card-v2__icon\"><span class=\"client-card-v2__icon-glow\" aria-hidden=\"true\"><\/span><div class=\"client-card-v2__icon-surface\"><img decoding=\"async\" src=\"https:\/\/innsoft.pl\/wp-content\/uploads\/2025\/12\/sprzedawca-energii.svg\" alt=\"\"\/><\/div><\/div><\/div><div class=\"client-card-v2__name\">Nord Pool AS<\/div><\/div>\n\n\n\n<div class=\"client-card-v2\"><div class=\"client-card-v2__header\"><div class=\"client-card-v2__icon\"><span class=\"client-card-v2__icon-glow\" aria-hidden=\"true\"><\/span><div class=\"client-card-v2__icon-surface\"><img decoding=\"async\" src=\"https:\/\/innsoft.pl\/wp-content\/uploads\/2025\/12\/odbiorca-mediow.svg\" alt=\"\"\/><\/div><\/div><\/div><div class=\"client-card-v2__name\">Fabryka \u0141o\u017cysk Tocznych &#8211; Kra\u015bnik S.A.<\/div><\/div>\n\n\n\n<div class=\"client-card-v2\"><div class=\"client-card-v2__header\"><div class=\"client-card-v2__icon\"><span class=\"client-card-v2__icon-glow\" aria-hidden=\"true\"><\/span><div class=\"client-card-v2__icon-surface\"><img decoding=\"async\" src=\"https:\/\/innsoft.pl\/wp-content\/uploads\/2025\/12\/odbiorca-mediow.svg\" alt=\"\"\/><\/div><\/div><\/div><div class=\"client-card-v2__name\">Qemetica &#8211; Agricultural Solutions Poland S.A.<\/div><\/div>\n\n\n\n<div class=\"client-card-v2\"><div class=\"client-card-v2__header\"><div class=\"client-card-v2__icon\"><span class=\"client-card-v2__icon-glow\" aria-hidden=\"true\"><\/span><div class=\"client-card-v2__icon-surface\"><img decoding=\"async\" src=\"https:\/\/innsoft.pl\/wp-content\/uploads\/2025\/12\/odbiorca-mediow.svg\" alt=\"\"\/><\/div><\/div><\/div><div class=\"client-card-v2__name\">Firma Oponiarska D\u0119bica S.A.<\/div><\/div>\n\n\n\n<div class=\"client-card-v2\"><div class=\"client-card-v2__header\"><div class=\"client-card-v2__icon\"><span class=\"client-card-v2__icon-glow\" aria-hidden=\"true\"><\/span><div class=\"client-card-v2__icon-surface\"><img decoding=\"async\" src=\"https:\/\/innsoft.pl\/wp-content\/uploads\/2025\/12\/odbiorca-mediow.svg\" alt=\"\"\/><\/div><\/div><\/div><div class=\"client-card-v2__name\">Po\u0142udniowy Koncern W\u0119glowy S.A.<\/div><\/div>\n\n\n\n<div class=\"client-card-v2\"><div class=\"client-card-v2__header\"><div class=\"client-card-v2__icon\"><span class=\"client-card-v2__icon-glow\" aria-hidden=\"true\"><\/span><div class=\"client-card-v2__icon-surface\"><img decoding=\"async\" src=\"https:\/\/innsoft.pl\/wp-content\/uploads\/2025\/12\/wytworca-energii.svg\" alt=\"\"\/><\/div><\/div><\/div><div class=\"client-card-v2__name\">PGE GiEK S.A.<br>Oddzia\u0142 Elektrownia Opole<\/div><\/div>\n\n\n\n<div class=\"client-card-v2\"><div class=\"client-card-v2__header\"><div class=\"client-card-v2__icon\"><span class=\"client-card-v2__icon-glow\" aria-hidden=\"true\"><\/span><div class=\"client-card-v2__icon-surface\"><img decoding=\"async\" src=\"https:\/\/innsoft.pl\/wp-content\/uploads\/2025\/12\/wytworca-energii.svg\" alt=\"\"\/><\/div><\/div><\/div><div class=\"client-card-v2__name\">PGE GiEK S.A.<br>Oddzia\u0142 Elektrownia Be\u0142chat\u00f3w<\/div><\/div>\n\n\n\n<div class=\"client-card-v2\"><div class=\"client-card-v2__header\"><div class=\"client-card-v2__icon\"><span class=\"client-card-v2__icon-glow\" aria-hidden=\"true\"><\/span><div class=\"client-card-v2__icon-surface\"><img decoding=\"async\" src=\"https:\/\/innsoft.pl\/wp-content\/uploads\/2025\/12\/sprzedawca-energii.svg\" alt=\"\"\/><\/div><\/div><\/div><div class=\"client-card-v2__name\">InfoEngine S.A.<\/div><\/div>\n\n\n\n<div class=\"client-card-v2\"><div class=\"client-card-v2__header\"><div class=\"client-card-v2__icon\"><span class=\"client-card-v2__icon-glow\" aria-hidden=\"true\"><\/span><div class=\"client-card-v2__icon-surface\"><img decoding=\"async\" src=\"https:\/\/innsoft.pl\/wp-content\/uploads\/2025\/12\/wytworca-energii.svg\" alt=\"\"\/><\/div><\/div><\/div><div class=\"client-card-v2__name\">Zesp\u00f3\u0142 Elektrowni PAK S.A.<\/div><\/div>\n<\/div>\n<\/div>\n<\/section>\n\n<div class=\"cta-block cta-block--spacing cta-block--constrained\"><img decoding=\"async\" class=\"cta-block__image\" src=\"https:\/\/innsoft.pl\/wp-content\/uploads\/2025\/12\/cta-scaled.webp\" alt=\"\"\/><span class=\"cta-block__image-overlay\" aria-hidden=\"true\"><\/span><div class=\"cta-block__content\"><h2 class=\"cta-block__title heading heading--gradient\">View our completed projects<\/h2><div class=\"cta-block__button\">\n<a href=\"https:\/\/innsoft.pl\/en\/about-us\/articles\/?category=case-study\" class=\"button is-style-secondary\" target=\"_self\"><span class=\"text\">Case study<\/span><\/a>\n<\/div><\/div><\/div>\n","protected":false},"excerpt":{"rendered":"","protected":false},"author":3,"featured_media":0,"parent":1871,"menu_order":0,"comment_status":"closed","ping_status":"closed","template":"","meta":{"_acf_changed":false,"footnotes":""},"class_list":["post-1867","page","type-page","status-publish","hentry"],"acf":[],"_links":{"self":[{"href":"https:\/\/innsoft.pl\/en\/wp-json\/wp\/v2\/pages\/1867","targetHints":{"allow":["GET"]}}],"collection":[{"href":"https:\/\/innsoft.pl\/en\/wp-json\/wp\/v2\/pages"}],"about":[{"href":"https:\/\/innsoft.pl\/en\/wp-json\/wp\/v2\/types\/page"}],"author":[{"embeddable":true,"href":"https:\/\/innsoft.pl\/en\/wp-json\/wp\/v2\/users\/3"}],"replies":[{"embeddable":true,"href":"https:\/\/innsoft.pl\/en\/wp-json\/wp\/v2\/comments?post=1867"}],"version-history":[{"count":5,"href":"https:\/\/innsoft.pl\/en\/wp-json\/wp\/v2\/pages\/1867\/revisions"}],"predecessor-version":[{"id":3282,"href":"https:\/\/innsoft.pl\/en\/wp-json\/wp\/v2\/pages\/1867\/revisions\/3282"}],"up":[{"embeddable":true,"href":"https:\/\/innsoft.pl\/en\/wp-json\/wp\/v2\/pages\/1871"}],"wp:attachment":[{"href":"https:\/\/innsoft.pl\/en\/wp-json\/wp\/v2\/media?parent=1867"}],"curies":[{"name":"wp","href":"https:\/\/api.w.org\/{rel}","templated":true}]}}